{"id":1506,"date":"2019-05-27T21:54:27","date_gmt":"2019-05-27T21:54:27","guid":{"rendered":"https:\/\/www.movielike.pt\/?page_id=1506"},"modified":"2019-05-27T21:54:27","modified_gmt":"2019-05-27T21:54:27","slug":"assessoria-de-imprensa","status":"publish","type":"page","link":"https:\/\/www.movielike.pt\/index.php\/assessoria-de-imprensa\/","title":{"rendered":"Assessoria de Imprensa"},"content":{"rendered":"<p>Desenvolvimento de a\u00e7\u00f5es de comunica\u00e7\u00e3o<br \/>\nRelacionamento pr\u00f3ximo e continuado<br \/>\njunto dos jornalistas<br \/>\nResposta a todas as solicita\u00e7\u00f5es dos meios<\/p>\n","protected":false},"excerpt":{"rendered":"<p>Desenvolvimento de a\u00e7\u00f5es de comunica\u00e7\u00e3o Relacionamento pr\u00f3ximo e continuado junto dos jornalistas Resposta a todas as solicita\u00e7\u00f5es dos meios<\/p>\n","protected":false},"author":1,"featured_media":0,"parent":0,"menu_order":0,"comment_status":"closed","ping_status":"closed","template":"","meta":{"footnotes":""},"class_list":["post-1506","page","type-page","status-publish","hentry"],"_links":{"self":[{"href":"https:\/\/www.movielike.pt\/index.php\/wp-json\/wp\/v2\/pages\/1506","targetHints":{"allow":["GET"]}}],"collection":[{"href":"https:\/\/www.movielike.pt\/index.php\/wp-json\/wp\/v2\/pages"}],"about":[{"href":"https:\/\/www.movielike.pt\/index.php\/wp-json\/wp\/v2\/types\/page"}],"author":[{"embeddable":true,"href":"https:\/\/www.movielike.pt\/index.php\/wp-json\/wp\/v2\/users\/1"}],"replies":[{"embeddable":true,"href":"https:\/\/www.movielike.pt\/index.php\/wp-json\/wp\/v2\/comments?post=1506"}],"version-history":[{"count":1,"href":"https:\/\/www.movielike.pt\/index.php\/wp-json\/wp\/v2\/pages\/1506\/revisions"}],"predecessor-version":[{"id":1507,"href":"https:\/\/www.movielike.pt\/index.php\/wp-json\/wp\/v2\/pages\/1506\/revisions\/1507"}],"wp:attachment":[{"href":"https:\/\/www.movielike.pt\/index.php\/wp-json\/wp\/v2\/media?parent=1506"}],"curies":[{"name":"wp","href":"https:\/\/api.w.org\/{rel}","templated":true}]}}